{"id":393,"date":"2019-10-25T13:42:29","date_gmt":"2019-10-25T11:42:29","guid":{"rendered":"http:\/\/furiafilms.mneme.sk\/o-nas\/"},"modified":"2020-01-12T23:53:37","modified_gmt":"2020-01-12T22:53:37","slug":"about-us","status":"publish","type":"page","link":"https:\/\/www.furiafilm.sk\/en\/about-us\/","title":{"rendered":"About Us"},"content":{"rendered":"<!--themify_builder_content-->\n<div id=\"themify_builder_content-393\" data-postid=\"393\" class=\"themify_builder_content themify_builder_content-393 themify_builder tf_clear\">\n                    <div  data-lazy=\"1\" class=\"module_row themify_builder_row aboutus_page tb_cmxa131 tb_first tf_w hide-tablet hide-tablet_landscape hide-mobile\">\n                        <div class=\"row_inner col_align_top tb_col_count_2 tf_box tf_rel\">\n                        <div  data-lazy=\"1\" class=\"module_column tb-column col4-2 tb_r7ox132 first\">\n                    <!-- module text -->\n<div  class=\"module module-text tb_muq4182   \" data-lazy=\"1\">\n        <div  class=\"tb_text_wrap\">\n        <p><strong>FURIA FILM<\/strong> EN je slovensk\u00e1 produk\u010dn\u00e1 spolo\u010dnos\u0165 p\u00f4sobiaca v audiovizu\u00e1lnej oblasti. Nosnou my\u0161lienkou spolo\u010dnosti je vyu\u017eitie kreativity\u00a0 a nov\u00fdch foriem produkcie, \u010di u\u017e vo filmovej tvorbe alebo v audiovizu\u00e1lnych projektoch.<\/p><p>FURIA FILM sa z\u00fa\u010dast\u0148uje na koproduk\u010dn\u00fdch a umeleck\u00fdch projektoch, pri\u010dom \u0165a\u017eisko \u010dinnosti spo\u010d\u00edva v projektmana\u017emente, po\u010d\u00ednaj\u00fac f\u00e1zou v\u00fdvoja scen\u00e1ra po fin\u00e1lnu f\u00e1zu v\u00fdroby, distrib\u00faciu a predaj filmu.<\/p><p>Spolo\u010dnos\u0165 je od roku 2010 \u010dlenom Asoci\u00e1cie nez\u00e1visl\u00fdch producentov.<\/p>    <\/div>\n<\/div>\n<!-- \/module text -->        <\/div>\n                    <div  data-lazy=\"1\" class=\"module_column tb-column col4-2 tb_ezxy917 last\">\n                    <!-- module image -->\n<div  class=\"module module-image tb_3leh8 image-top   auto_fullwidth tf_mw\" data-lazy=\"1\">\n        <div class=\"image-wrap tf_rel tf_mw\">\n            <img loading=\"lazy\" decoding=\"async\" src=\"http:\/\/www.furiafilm.sk\/wp-content\/uploads\/2019\/10\/povnica1.jpg\" width=\"586\" height=\"391\" title=\"About Us\" alt=\"About Us\">    \n        <\/div>\n    <!-- \/image-wrap -->\n    \n        <\/div>\n<!-- \/module image --><!-- module text -->\n<div  class=\"module module-text tb_x6fp602   \" data-lazy=\"1\">\n        <div  class=\"tb_text_wrap\">\n        <p><strong>Livia Filusov\u00e1 \u2013 producent &amp; CEO<\/strong><br \/>FURIA FILM je slovensk\u00e1 produk\u010dn\u00e1 spolo\u010dnos\u0165 p\u00f4sobiaca v audiovizu\u00e1lnej oblasti. Nosnou my\u0161lienkou spolo\u010dnosti je vyu\u017eitie kreativity a nov\u00fdch foriem produkcie, \u010di u\u017e vo filmovej tvorbe alebo v audiovizu\u00e1lnych projektoch.<\/p>    <\/div>\n<\/div>\n<!-- \/module text --><!-- module buttons -->\n<div  class=\"module module-buttons tb_sit2445 buttons-horizontal solid  squared\" data-lazy=\"1\">\n        <div class=\"module-buttons-item tf_in_flx\">\n                        <a href=\"#\" class=\"ui builder_button tf_in_flx black\" target=\"_blank\" rel=\"noopener\" download>\n                                                CV                                        <\/a>\n                <\/div>\n            <\/div>\n<!-- \/module buttons -->\n        <\/div>\n                        <\/div>\n        <\/div>\n                        <div  data-lazy=\"1\" class=\"module_row themify_builder_row aboutus_page tb_aw7v650 tf_w hide-desktop\">\n                        <div class=\"row_inner col_align_top tb_col_count_1 tf_box tf_rel\">\n                        <div  data-lazy=\"1\" class=\"module_column tb-column col-full tb_wut3651 first\">\n                    <!-- module text -->\n<div  class=\"module module-text tb_ag9n651   \" data-lazy=\"1\">\n        <div  class=\"tb_text_wrap\">\n        <p><strong>FURIA FILM<\/strong> EN je slovensk\u00e1 produk\u010dn\u00e1 spolo\u010dnos\u0165 p\u00f4sobiaca v audiovizu\u00e1lnej oblasti. Nosnou my\u0161lienkou spolo\u010dnosti je vyu\u017eitie kreativity\u00a0 a nov\u00fdch foriem produkcie, \u010di u\u017e vo filmovej tvorbe alebo v audiovizu\u00e1lnych projektoch.<\/p><p>FURIA FILM sa z\u00fa\u010dast\u0148uje na koproduk\u010dn\u00fdch a umeleck\u00fdch projektoch, pri\u010dom \u0165a\u017eisko \u010dinnosti spo\u010d\u00edva v projektmana\u017emente, po\u010d\u00ednaj\u00fac f\u00e1zou v\u00fdvoja scen\u00e1ra po fin\u00e1lnu f\u00e1zu v\u00fdroby, distrib\u00faciu a predaj filmu.<\/p><p>Spolo\u010dnos\u0165 je od roku 2010 \u010dlenom Asoci\u00e1cie nez\u00e1visl\u00fdch producentov.<\/p>    <\/div>\n<\/div>\n<!-- \/module text --><!-- module image -->\n<div  class=\"module module-image tb_2mzq651 image-top   auto_fullwidth tf_mw\" data-lazy=\"1\">\n        <div class=\"image-wrap tf_rel tf_mw\">\n            <img loading=\"lazy\" decoding=\"async\" src=\"http:\/\/www.furiafilm.sk\/wp-content\/uploads\/2019\/10\/povnica1.jpg\" width=\"586\" height=\"391\" title=\"About Us\" alt=\"About Us\">    \n        <\/div>\n    <!-- \/image-wrap -->\n    \n        <\/div>\n<!-- \/module image --><!-- module text -->\n<div  class=\"module module-text tb_ga3k652   \" data-lazy=\"1\">\n        <div  class=\"tb_text_wrap\">\n        <p><strong>Livia Filusov\u00e1 \u2013 producent &amp; CEO<\/strong><br \/>FURIA FILM je slovensk\u00e1 produk\u010dn\u00e1 spolo\u010dnos\u0165 p\u00f4sobiaca v audiovizu\u00e1lnej oblasti. Nosnou my\u0161lienkou spolo\u010dnosti je vyu\u017eitie kreativity a nov\u00fdch foriem produkcie, \u010di u\u017e vo filmovej tvorbe alebo v audiovizu\u00e1lnych projektoch.<\/p>    <\/div>\n<\/div>\n<!-- \/module text --><!-- module buttons -->\n<div  class=\"module module-buttons tb_mtb9652 buttons-horizontal solid  squared\" data-lazy=\"1\">\n        <div class=\"module-buttons-item tf_in_flx\">\n                        <a href=\"#\" class=\"ui builder_button tf_in_flx black\" target=\"_blank\" rel=\"noopener\" download>\n                                                CV                                        <\/a>\n                <\/div>\n            <\/div>\n<!-- \/module buttons -->\n        <\/div>\n                        <\/div>\n        <\/div>\n        <\/div>\n<!--\/themify_builder_content-->","protected":false},"excerpt":{"rendered":"<p>FURIA FILM EN je slovensk\u00e1 produk\u010dn\u00e1 spolo\u010dnos\u0165 p\u00f4sobiaca v audiovizu\u00e1lnej oblasti. Nosnou my\u0161lienkou spolo\u010dnosti je vyu\u017eitie kreativity\u00a0 a nov\u00fdch foriem produkcie, \u010di u\u017e vo filmovej tvorbe alebo v audiovizu\u00e1lnych projektoch. FURIA FILM sa z\u00fa\u010dast\u0148uje na koproduk\u010dn\u00fdch a umeleck\u00fdch projektoch, pri\u010dom \u0165a\u017eisko \u010dinnosti spo\u010d\u00edva v projektmana\u017emente, po\u010d\u00ednaj\u00fac f\u00e1zou v\u00fdvoja scen\u00e1ra po fin\u00e1lnu f\u00e1zu v\u00fdroby, distrib\u00faciu a [&hellip;]<\/p>\n","protected":false},"author":1,"featured_media":0,"parent":0,"menu_order":0,"comment_status":"closed","ping_status":"closed","template":"","meta":{"_acf_changed":false,"footnotes":""},"class_list":["post-393","page","type-page","status-publish","hentry"],"acf":[],"yoast_head":"<!-- This site is optimized with the Yoast SEO plugin v26.8 - https:\/\/yoast.com\/product\/yoast-seo-wordpress\/ -->\n<title>About Us - Furia Film<\/title>\n<meta name=\"robots\" content=\"index, follow, max-snippet:-1, max-image-preview:large, max-video-preview:-1\" \/>\n<link rel=\"canonical\" href=\"https:\/\/www.furiafilm.sk\/o-nas\/\" \/>\n<meta property=\"og:locale\" content=\"en_US\" \/>\n<meta property=\"og:type\" content=\"article\" \/>\n<meta property=\"og:title\" content=\"About Us - Furia Film\" \/>\n<meta property=\"og:description\" content=\"FURIA FILM EN je slovensk\u00e1 produk\u010dn\u00e1 spolo\u010dnos\u0165 p\u00f4sobiaca v audiovizu\u00e1lnej oblasti. Nosnou my\u0161lienkou spolo\u010dnosti je vyu\u017eitie kreativity\u00a0 a nov\u00fdch foriem produkcie, \u010di u\u017e vo filmovej tvorbe alebo v audiovizu\u00e1lnych projektoch. FURIA FILM sa z\u00fa\u010dast\u0148uje na koproduk\u010dn\u00fdch a umeleck\u00fdch projektoch, pri\u010dom \u0165a\u017eisko \u010dinnosti spo\u010d\u00edva v projektmana\u017emente, po\u010d\u00ednaj\u00fac f\u00e1zou v\u00fdvoja scen\u00e1ra po fin\u00e1lnu f\u00e1zu v\u00fdroby, distrib\u00faciu a [&hellip;]\" \/>\n<meta property=\"og:url\" content=\"https:\/\/www.furiafilm.sk\/o-nas\/\" \/>\n<meta property=\"og:site_name\" content=\"Furia Film\" \/>\n<meta property=\"article:modified_time\" content=\"2020-01-12T22:53:37+00:00\" \/>\n<meta property=\"og:image\" content=\"http:\/\/www.furiafilm.sk\/wp-content\/uploads\/2019\/10\/povnica1.jpg\" \/>\n<meta name=\"twitter:card\" content=\"summary_large_image\" \/>\n<meta name=\"twitter:label1\" content=\"Est. reading time\" \/>\n\t<meta name=\"twitter:data1\" content=\"1 minute\" \/>\n<script type=\"application\/ld+json\" class=\"yoast-schema-graph\">{\"@context\":\"https:\/\/schema.org\",\"@graph\":[{\"@type\":\"WebPage\",\"@id\":\"https:\/\/www.furiafilm.sk\/o-nas\/\",\"url\":\"https:\/\/www.furiafilm.sk\/o-nas\/\",\"name\":\"About Us - Furia Film\",\"isPartOf\":{\"@id\":\"https:\/\/www.furiafilm.sk\/#website\"},\"primaryImageOfPage\":{\"@id\":\"https:\/\/www.furiafilm.sk\/o-nas\/#primaryimage\"},\"image\":{\"@id\":\"https:\/\/www.furiafilm.sk\/o-nas\/#primaryimage\"},\"thumbnailUrl\":\"http:\/\/www.furiafilm.sk\/wp-content\/uploads\/2019\/10\/povnica1.jpg\",\"datePublished\":\"2019-10-25T11:42:29+00:00\",\"dateModified\":\"2020-01-12T22:53:37+00:00\",\"breadcrumb\":{\"@id\":\"https:\/\/www.furiafilm.sk\/o-nas\/#breadcrumb\"},\"inLanguage\":\"en-US\",\"potentialAction\":[{\"@type\":\"ReadAction\",\"target\":[\"https:\/\/www.furiafilm.sk\/o-nas\/\"]}]},{\"@type\":\"ImageObject\",\"inLanguage\":\"en-US\",\"@id\":\"https:\/\/www.furiafilm.sk\/o-nas\/#primaryimage\",\"url\":\"http:\/\/www.furiafilm.sk\/wp-content\/uploads\/2019\/10\/povnica1.jpg\",\"contentUrl\":\"http:\/\/www.furiafilm.sk\/wp-content\/uploads\/2019\/10\/povnica1.jpg\"},{\"@type\":\"BreadcrumbList\",\"@id\":\"https:\/\/www.furiafilm.sk\/o-nas\/#breadcrumb\",\"itemListElement\":[{\"@type\":\"ListItem\",\"position\":1,\"name\":\"Home\",\"item\":\"https:\/\/www.furiafilm.sk\/en\/\"},{\"@type\":\"ListItem\",\"position\":2,\"name\":\"About Us\"}]},{\"@type\":\"WebSite\",\"@id\":\"https:\/\/www.furiafilm.sk\/#website\",\"url\":\"https:\/\/www.furiafilm.sk\/\",\"name\":\"Furia Film\",\"description\":\"FURIA FILM je slovensk\u00e1 produk\u010dn\u00e1 spolo\u010dnos\u0165 p\u00f4sobiaca v audiovizu\u00e1lnej oblasti.\",\"potentialAction\":[{\"@type\":\"SearchAction\",\"target\":{\"@type\":\"EntryPoint\",\"urlTemplate\":\"https:\/\/www.furiafilm.sk\/?s={search_term_string}\"},\"query-input\":{\"@type\":\"PropertyValueSpecification\",\"valueRequired\":true,\"valueName\":\"search_term_string\"}}],\"inLanguage\":\"en-US\"}]}<\/script>\n<!-- \/ Yoast SEO plugin. -->","yoast_head_json":{"title":"About Us - Furia Film","robots":{"index":"index","follow":"follow","max-snippet":"max-snippet:-1","max-image-preview":"max-image-preview:large","max-video-preview":"max-video-preview:-1"},"canonical":"https:\/\/www.furiafilm.sk\/o-nas\/","og_locale":"en_US","og_type":"article","og_title":"About Us - Furia Film","og_description":"FURIA FILM EN je slovensk\u00e1 produk\u010dn\u00e1 spolo\u010dnos\u0165 p\u00f4sobiaca v audiovizu\u00e1lnej oblasti. Nosnou my\u0161lienkou spolo\u010dnosti je vyu\u017eitie kreativity\u00a0 a nov\u00fdch foriem produkcie, \u010di u\u017e vo filmovej tvorbe alebo v audiovizu\u00e1lnych projektoch. FURIA FILM sa z\u00fa\u010dast\u0148uje na koproduk\u010dn\u00fdch a umeleck\u00fdch projektoch, pri\u010dom \u0165a\u017eisko \u010dinnosti spo\u010d\u00edva v projektmana\u017emente, po\u010d\u00ednaj\u00fac f\u00e1zou v\u00fdvoja scen\u00e1ra po fin\u00e1lnu f\u00e1zu v\u00fdroby, distrib\u00faciu a [&hellip;]","og_url":"https:\/\/www.furiafilm.sk\/o-nas\/","og_site_name":"Furia Film","article_modified_time":"2020-01-12T22:53:37+00:00","og_image":[{"url":"http:\/\/www.furiafilm.sk\/wp-content\/uploads\/2019\/10\/povnica1.jpg","type":"","width":"","height":""}],"twitter_card":"summary_large_image","twitter_misc":{"Est. reading time":"1 minute"},"schema":{"@context":"https:\/\/schema.org","@graph":[{"@type":"WebPage","@id":"https:\/\/www.furiafilm.sk\/o-nas\/","url":"https:\/\/www.furiafilm.sk\/o-nas\/","name":"About Us - Furia Film","isPartOf":{"@id":"https:\/\/www.furiafilm.sk\/#website"},"primaryImageOfPage":{"@id":"https:\/\/www.furiafilm.sk\/o-nas\/#primaryimage"},"image":{"@id":"https:\/\/www.furiafilm.sk\/o-nas\/#primaryimage"},"thumbnailUrl":"http:\/\/www.furiafilm.sk\/wp-content\/uploads\/2019\/10\/povnica1.jpg","datePublished":"2019-10-25T11:42:29+00:00","dateModified":"2020-01-12T22:53:37+00:00","breadcrumb":{"@id":"https:\/\/www.furiafilm.sk\/o-nas\/#breadcrumb"},"inLanguage":"en-US","potentialAction":[{"@type":"ReadAction","target":["https:\/\/www.furiafilm.sk\/o-nas\/"]}]},{"@type":"ImageObject","inLanguage":"en-US","@id":"https:\/\/www.furiafilm.sk\/o-nas\/#primaryimage","url":"http:\/\/www.furiafilm.sk\/wp-content\/uploads\/2019\/10\/povnica1.jpg","contentUrl":"http:\/\/www.furiafilm.sk\/wp-content\/uploads\/2019\/10\/povnica1.jpg"},{"@type":"BreadcrumbList","@id":"https:\/\/www.furiafilm.sk\/o-nas\/#breadcrumb","itemListElement":[{"@type":"ListItem","position":1,"name":"Home","item":"https:\/\/www.furiafilm.sk\/en\/"},{"@type":"ListItem","position":2,"name":"About Us"}]},{"@type":"WebSite","@id":"https:\/\/www.furiafilm.sk\/#website","url":"https:\/\/www.furiafilm.sk\/","name":"Furia Film","description":"FURIA FILM je slovensk\u00e1 produk\u010dn\u00e1 spolo\u010dnos\u0165 p\u00f4sobiaca v audiovizu\u00e1lnej oblasti.","potentialAction":[{"@type":"SearchAction","target":{"@type":"EntryPoint","urlTemplate":"https:\/\/www.furiafilm.sk\/?s={search_term_string}"},"query-input":{"@type":"PropertyValueSpecification","valueRequired":true,"valueName":"search_term_string"}}],"inLanguage":"en-US"}]}},"_links":{"self":[{"href":"https:\/\/www.furiafilm.sk\/en\/wp-json\/wp\/v2\/pages\/393","targetHints":{"allow":["GET"]}}],"collection":[{"href":"https:\/\/www.furiafilm.sk\/en\/wp-json\/wp\/v2\/pages"}],"about":[{"href":"https:\/\/www.furiafilm.sk\/en\/wp-json\/wp\/v2\/types\/page"}],"author":[{"embeddable":true,"href":"https:\/\/www.furiafilm.sk\/en\/wp-json\/wp\/v2\/users\/1"}],"replies":[{"embeddable":true,"href":"https:\/\/www.furiafilm.sk\/en\/wp-json\/wp\/v2\/comments?post=393"}],"version-history":[{"count":10,"href":"https:\/\/www.furiafilm.sk\/en\/wp-json\/wp\/v2\/pages\/393\/revisions"}],"predecessor-version":[{"id":461,"href":"https:\/\/www.furiafilm.sk\/en\/wp-json\/wp\/v2\/pages\/393\/revisions\/461"}],"wp:attachment":[{"href":"https:\/\/www.furiafilm.sk\/en\/wp-json\/wp\/v2\/media?parent=393"}],"curies":[{"name":"wp","href":"https:\/\/api.w.org\/{rel}","templated":true}]}}