{"id":383,"date":"2019-10-25T13:45:49","date_gmt":"2019-10-25T11:45:49","guid":{"rendered":"http:\/\/furiafilms.mneme.sk\/?page_id=383"},"modified":"2020-01-12T22:38:08","modified_gmt":"2020-01-12T21:38:08","slug":"contact","status":"publish","type":"page","link":"https:\/\/www.furiafilm.sk\/en\/contact\/","title":{"rendered":"Contact"},"content":{"rendered":"<!--themify_builder_content-->\n<div id=\"themify_builder_content-383\" data-postid=\"383\" class=\"themify_builder_content themify_builder_content-383 themify_builder tf_clear\">\n                    <div  data-lazy=\"1\" class=\"module_row themify_builder_row tb_gudu566 tb_first tf_w\">\n                        <div class=\"row_inner col_align_top tb_col_count_2 tf_box tf_rel\">\n                        <div  data-lazy=\"1\" class=\"module_column tb-column col4-2 tb_fqkp566 first\">\n                    <!-- module text -->\n<div  class=\"module module-text tb_qqnu566   \" data-lazy=\"1\">\n        <div  class=\"tb_text_wrap\">\n        <p>Mgr. L\u00edvia Filusov\u00e1<\/p><p>mobile: <a href=\"tel:+421905568099\" target=\"_blank\" rel=\"noopener\">+421 905 568 099<\/a><br \/><a href=\"mailto:livia_filusova@yahoo.com\" target=\"_blank\" rel=\"noopener\">livia_filusova@yahoo.com<\/a><\/p><p>FURIA FILM, s. r. o.<br \/>Ferien\u010d\u00edkova 1<br \/>811 08 Bratislava<br \/>Slovak Republic<\/p>    <\/div>\n<\/div>\n<!-- \/module text -->        <\/div>\n                    <div  data-lazy=\"1\" class=\"module_column tb-column col4-2 tb_rcb0567 last\">\n                    <!-- module plain text -->\n<div  class=\"module module-plain-text tb_m3dl567 \" data-lazy=\"1\">\n        <div class=\"tb_text_wrap\">\n    <iframe loading=\"lazy\" src=\"https:\/\/www.google.com\/maps\/embed?pb=!1m18!1m12!1m3!1d2662.0888299634953!2d17.118404500097036!3d48.14709265588224!2m3!1f0!2f0!3f0!3m2!1i1024!2i768!4f13.1!3m3!1m2!1s0x476c8946fb84d093%3A0x1a247790bf659a85!2sFerien%C4%8D%C3%ADkova%202440%2F1%2C%20811%2008%20Bratislava!5e0!3m2!1sen!2ssk!4v1578652490900!5m2!1sen!2ssk\" width=\"100%\" height=\"450\" frameborder=\"0\" style=\"border:0;\" allowfullscreen=\"\"><\/iframe>    <\/div>\n<\/div>\n<!-- \/module plain text -->        <\/div>\n                        <\/div>\n        <\/div>\n        <\/div>\n<!--\/themify_builder_content-->","protected":false},"excerpt":{"rendered":"<p>Mgr. L\u00edvia Filusov\u00e1 mobile: +421 905 568 099 livia_filusova@yahoo.com FURIA FILM, s. r. o. Ferien\u010d\u00edkova 1 811 08 Bratislava Slovak Republic<\/p>\n","protected":false},"author":1,"featured_media":0,"parent":0,"menu_order":0,"comment_status":"closed","ping_status":"closed","template":"","meta":{"_acf_changed":false,"footnotes":""},"class_list":["post-383","page","type-page","status-publish","hentry"],"acf":[],"yoast_head":"<!-- This site is optimized with the Yoast SEO plugin v26.8 - https:\/\/yoast.com\/product\/yoast-seo-wordpress\/ -->\n<title>Contact - Furia Film<\/title>\n<meta name=\"robots\" content=\"index, follow, max-snippet:-1, max-image-preview:large, max-video-preview:-1\" \/>\n<link rel=\"canonical\" href=\"https:\/\/www.furiafilm.sk\/kontakt\/\" \/>\n<meta property=\"og:locale\" content=\"en_US\" \/>\n<meta property=\"og:type\" content=\"article\" \/>\n<meta property=\"og:title\" content=\"Contact - Furia Film\" \/>\n<meta property=\"og:description\" content=\"Mgr. L\u00edvia Filusov\u00e1 mobile: +421 905 568 099 livia_filusova@yahoo.com FURIA FILM, s. r. o. Ferien\u010d\u00edkova 1 811 08 Bratislava Slovak Republic\" \/>\n<meta property=\"og:url\" content=\"https:\/\/www.furiafilm.sk\/kontakt\/\" \/>\n<meta property=\"og:site_name\" content=\"Furia Film\" \/>\n<meta property=\"article:modified_time\" content=\"2020-01-12T21:38:08+00:00\" \/>\n<meta name=\"twitter:card\" content=\"summary_large_image\" \/>\n<script type=\"application\/ld+json\" class=\"yoast-schema-graph\">{\"@context\":\"https:\/\/schema.org\",\"@graph\":[{\"@type\":\"WebPage\",\"@id\":\"https:\/\/www.furiafilm.sk\/kontakt\/\",\"url\":\"https:\/\/www.furiafilm.sk\/kontakt\/\",\"name\":\"Contact - Furia Film\",\"isPartOf\":{\"@id\":\"https:\/\/www.furiafilm.sk\/#website\"},\"datePublished\":\"2019-10-25T11:45:49+00:00\",\"dateModified\":\"2020-01-12T21:38:08+00:00\",\"breadcrumb\":{\"@id\":\"https:\/\/www.furiafilm.sk\/kontakt\/#breadcrumb\"},\"inLanguage\":\"en-US\",\"potentialAction\":[{\"@type\":\"ReadAction\",\"target\":[\"https:\/\/www.furiafilm.sk\/kontakt\/\"]}]},{\"@type\":\"BreadcrumbList\",\"@id\":\"https:\/\/www.furiafilm.sk\/kontakt\/#breadcrumb\",\"itemListElement\":[{\"@type\":\"ListItem\",\"position\":1,\"name\":\"Home\",\"item\":\"https:\/\/www.furiafilm.sk\/en\/\"},{\"@type\":\"ListItem\",\"position\":2,\"name\":\"Contact\"}]},{\"@type\":\"WebSite\",\"@id\":\"https:\/\/www.furiafilm.sk\/#website\",\"url\":\"https:\/\/www.furiafilm.sk\/\",\"name\":\"Furia Film\",\"description\":\"FURIA FILM je slovensk\u00e1 produk\u010dn\u00e1 spolo\u010dnos\u0165 p\u00f4sobiaca v audiovizu\u00e1lnej oblasti.\",\"potentialAction\":[{\"@type\":\"SearchAction\",\"target\":{\"@type\":\"EntryPoint\",\"urlTemplate\":\"https:\/\/www.furiafilm.sk\/?s={search_term_string}\"},\"query-input\":{\"@type\":\"PropertyValueSpecification\",\"valueRequired\":true,\"valueName\":\"search_term_string\"}}],\"inLanguage\":\"en-US\"}]}<\/script>\n<!-- \/ Yoast SEO plugin. -->","yoast_head_json":{"title":"Contact - Furia Film","robots":{"index":"index","follow":"follow","max-snippet":"max-snippet:-1","max-image-preview":"max-image-preview:large","max-video-preview":"max-video-preview:-1"},"canonical":"https:\/\/www.furiafilm.sk\/kontakt\/","og_locale":"en_US","og_type":"article","og_title":"Contact - Furia Film","og_description":"Mgr. L\u00edvia Filusov\u00e1 mobile: +421 905 568 099 livia_filusova@yahoo.com FURIA FILM, s. r. o. Ferien\u010d\u00edkova 1 811 08 Bratislava Slovak Republic","og_url":"https:\/\/www.furiafilm.sk\/kontakt\/","og_site_name":"Furia Film","article_modified_time":"2020-01-12T21:38:08+00:00","twitter_card":"summary_large_image","schema":{"@context":"https:\/\/schema.org","@graph":[{"@type":"WebPage","@id":"https:\/\/www.furiafilm.sk\/kontakt\/","url":"https:\/\/www.furiafilm.sk\/kontakt\/","name":"Contact - Furia Film","isPartOf":{"@id":"https:\/\/www.furiafilm.sk\/#website"},"datePublished":"2019-10-25T11:45:49+00:00","dateModified":"2020-01-12T21:38:08+00:00","breadcrumb":{"@id":"https:\/\/www.furiafilm.sk\/kontakt\/#breadcrumb"},"inLanguage":"en-US","potentialAction":[{"@type":"ReadAction","target":["https:\/\/www.furiafilm.sk\/kontakt\/"]}]},{"@type":"BreadcrumbList","@id":"https:\/\/www.furiafilm.sk\/kontakt\/#breadcrumb","itemListElement":[{"@type":"ListItem","position":1,"name":"Home","item":"https:\/\/www.furiafilm.sk\/en\/"},{"@type":"ListItem","position":2,"name":"Contact"}]},{"@type":"WebSite","@id":"https:\/\/www.furiafilm.sk\/#website","url":"https:\/\/www.furiafilm.sk\/","name":"Furia Film","description":"FURIA FILM je slovensk\u00e1 produk\u010dn\u00e1 spolo\u010dnos\u0165 p\u00f4sobiaca v audiovizu\u00e1lnej oblasti.","potentialAction":[{"@type":"SearchAction","target":{"@type":"EntryPoint","urlTemplate":"https:\/\/www.furiafilm.sk\/?s={search_term_string}"},"query-input":{"@type":"PropertyValueSpecification","valueRequired":true,"valueName":"search_term_string"}}],"inLanguage":"en-US"}]}},"_links":{"self":[{"href":"https:\/\/www.furiafilm.sk\/en\/wp-json\/wp\/v2\/pages\/383","targetHints":{"allow":["GET"]}}],"collection":[{"href":"https:\/\/www.furiafilm.sk\/en\/wp-json\/wp\/v2\/pages"}],"about":[{"href":"https:\/\/www.furiafilm.sk\/en\/wp-json\/wp\/v2\/types\/page"}],"author":[{"embeddable":true,"href":"https:\/\/www.furiafilm.sk\/en\/wp-json\/wp\/v2\/users\/1"}],"replies":[{"embeddable":true,"href":"https:\/\/www.furiafilm.sk\/en\/wp-json\/wp\/v2\/comments?post=383"}],"version-history":[{"count":6,"href":"https:\/\/www.furiafilm.sk\/en\/wp-json\/wp\/v2\/pages\/383\/revisions"}],"predecessor-version":[{"id":389,"href":"https:\/\/www.furiafilm.sk\/en\/wp-json\/wp\/v2\/pages\/383\/revisions\/389"}],"wp:attachment":[{"href":"https:\/\/www.furiafilm.sk\/en\/wp-json\/wp\/v2\/media?parent=383"}],"curies":[{"name":"wp","href":"https:\/\/api.w.org\/{rel}","templated":true}]}}