{"id":268,"date":"2019-10-26T16:15:04","date_gmt":"2019-10-26T14:15:04","guid":{"rendered":"http:\/\/furiafilms.mneme.sk\/?page_id=268"},"modified":"2025-01-02T22:56:52","modified_gmt":"2025-01-02T21:56:52","slug":"uvod","status":"publish","type":"page","link":"https:\/\/www.furiafilm.sk\/en\/","title":{"rendered":"Home"},"content":{"rendered":"<!--themify_builder_content-->\n<div id=\"themify_builder_content-268\" data-postid=\"268\" class=\"themify_builder_content themify_builder_content-268 themify_builder tf_clear\">\n                    <div  data-lazy=\"1\" class=\"module_row themify_builder_row tb_n41h807 tb_first tf_w\">\n                        <div class=\"row_inner col_align_top tb_col_count_1 tf_box tf_rel\">\n                        <div  data-lazy=\"1\" class=\"module_column tb-column col-full tb_ekoy809 first\">\n                    <!-- module plain text -->\n<div  class=\"module module-plain-text tb_szqz809 \" data-lazy=\"1\">\n        <div class=\"tb_text_wrap\">\n    <style>\n@media screen and (min-width:768px) {\n.main_slider .islide .img_1 { background-image:url('https:\/\/www.furiafilm.sk\/wp-content\/uploads\/2019\/10\/slider-1-3880x1614.jpg'); }\n}\n@media screen and (max-width:768px) {\n.main_slider .islide .img_1 { background-image:url('https:\/\/www.furiafilm.sk\/wp-content\/uploads\/2020\/01\/slider-1-mobile-1.jpg'); background-position: top center}\n}\n<\/style>\n<style>\n@media screen and (min-width:768px) {\n.main_slider .islide .img_2 { background-image:url('https:\/\/www.furiafilm.sk\/wp-content\/uploads\/2020\/01\/slider-3.jpg'); }\n}\n@media screen and (max-width:768px) {\n.main_slider .islide .img_2 { background-image:url('https:\/\/www.furiafilm.sk\/wp-content\/uploads\/2020\/01\/slider-3-mobile.jpg'); background-position: top center}\n}\n<\/style>\n<style>\n@media screen and (min-width:768px) {\n.main_slider .islide .img_3 { background-image:url('https:\/\/www.furiafilm.sk\/wp-content\/uploads\/2025\/01\/IMG_6161-1.jpg'); }\n}\n@media screen and (max-width:768px) {\n.main_slider .islide .img_3 { background-image:url('https:\/\/www.furiafilm.sk\/wp-content\/uploads\/2025\/01\/IMG_6161.jpg'); background-position: top center}\n}\n<\/style>\n<style>\n@media screen and (min-width:768px) {\n.main_slider .islide .img_4 { background-image:url(''); }\n}\n@media screen and (max-width:768px) {\n.main_slider .islide .img_4 { background-image:url(''); background-position: top center}\n}\n<\/style>\n<div class=\"main_slider_wrapper clear\">\n<div class=\"main_slider_content\">\n<div class=\"main_slider\">\n<div class=\"islide  is_video\">\n<div class=\"slide-content\">\n<div class=\"sp_box left_bottom white\">\n<span class=\"su-lightbox sullink\" data-mfp-src=\"https:\/\/www.youtube.com\/watch?v=DZaqHrTTZX4\" data-mfp-type=\"iframe\" data-mobile=\"yes\"><div class=\"sp_image img img_1\">\n<\/div>\n<div class=\"sp_html\">\n<span class=\"sp_type_block\">\n<span class=\"fpart\">\nFilm<\/span><span class=\"spart\">\nin production<\/span><\/span><h4 class=\"shead\">\nPivnica<\/h4>\n<p class=\"sp_sheadline\">\n<span>director: Igor Voloshin<\/span><\/p>\n<\/div>\n<\/span><\/div>\n<\/div>\n<\/div>\n<div class=\"islide  is_video\">\n<div class=\"slide-content\">\n<div class=\"sp_box right_bottom white\">\n<span class=\"su-lightbox sullink\" data-mfp-src=\"https:\/\/www.youtube.com\/watch?v=Hw4Z3qUuWPs\" data-mfp-type=\"iframe\" data-mobile=\"yes\"><div class=\"sp_image img img_2\">\n<\/div>\n<div class=\"sp_html\">\n<span class=\"sp_type_block\">\n<span class=\"fpart\">\nFilm<\/span><span class=\"spart\">\nproduction<\/span><\/span><h4 class=\"shead\">\nTestovac\u00ed nadpis<\/h4>\n<p class=\"sp_sheadline\">\n<span>director: Georgij Dan\u011blija<\/span><\/p>\n<\/div>\n<\/span><\/div>\n<\/div>\n<\/div>\n<div class=\"islide  is_video\">\n<div class=\"slide-content\">\n<div class=\"sp_box left_bottom white\">\n<div class=\"sp_image img img_3\">\n<\/div>\n<div class=\"sp_html\">\n<span class=\"sp_type_block\">\n<span class=\"fpart\">\nfilm<\/span><span class=\"spart\">\nprodukcia<\/span><\/span><h4 class=\"shead\">\nMILOTA<\/h4>\n<p class=\"sp_sheadline\">\n<span>r\u00e9\u017eia: Jana Bu\u010dka Koval\u010d\u00edkov\u00e1<\/span><\/p>\n<\/div>\n<\/div>\n<\/div>\n<\/div>\n<div class=\"islide  is_video\">\n<div class=\"slide-content\">\n<div class=\"sp_box left_bottom white\">\n<div class=\"sp_image img img_4\">\n<\/div>\n<div class=\"sp_html\">\n<span class=\"sp_type_block\">\n<span class=\"fpart\">\n<\/span><span class=\"spart\">\n<\/span><\/span><h4 class=\"shead\">\n<\/h4>\n<p class=\"sp_sheadline\">\n<span><\/span><\/p>\n<\/div>\n<\/div>\n<\/div>\n<\/div>\n<\/div>\n<\/div>\n<\/div>\n    <\/div>\n<\/div>\n<!-- \/module plain text -->        <\/div>\n                        <\/div>\n        <\/div>\n                        <div  data-css_id=\"gcpv808\" data-lazy=\"1\" class=\"module_row themify_builder_row home_news fullwidth tb_gcpv808 tf_w\">\n                        <div class=\"row_inner col_align_top tb_col_count_1 tf_box tf_rel\">\n                        <div  data-lazy=\"1\" class=\"module_column tb-column col-full tb_stjz811 first\">\n                    <!-- module text -->\n<div  class=\"module module-text tb_khg0811   \" data-lazy=\"1\">\n        <div  class=\"tb_text_wrap\">\n        <div class=\"recent_posts\">\n<div class='ttl_box'>\n\n<div class=\"ttl_box_top\" >\n\n<a href=\"https:\/\/www.furiafilm.sk\/en\/filmy\/milota\/\" class=\"headline\">\n<img loading=\"lazy\" decoding=\"async\" width=\"524\" height=\"295\" src=\"https:\/\/www.furiafilm.sk\/wp-content\/uploads\/2025\/01\/IMG_6161-524x295.jpg\" class=\"attachment-thumbnail size-thumbnail wp-post-image\" alt=\"\" srcset=\"https:\/\/www.furiafilm.sk\/wp-content\/uploads\/2025\/01\/IMG_6161-524x295.jpg 524w, https:\/\/www.furiafilm.sk\/wp-content\/uploads\/2025\/01\/IMG_6161-477x270.jpg 477w\" sizes=\"auto, (max-width: 524px) 100vw, 524px\" \/>\n<div class=\"mpart\">\n<span class=\"type\">Film<\/span>\n<span class=\"message\">term\u00edn realiz\u00e1cie: 2022-2025<\/span>\n<\/div>\n<div class=\"desc_part\">\n<h4>MILOTA<\/h4>\n<div class=\"desc_content\">\nCelove\u010derny\u0301 dokument\u00e1rny film MILOTA\u00a0 je krehkou sondou do \u017eivota k\u013e\u00fa\u010dovej osobnosti slovenskej fotografie 20.storo\u010dia Miloty...<\/div>\n<\/div>\n<\/a>\n<\/div>\n\n<\/div>\n\n<div class='ttl_box'>\n\n<div class=\"ttl_box_top\" >\n\n<a href=\"https:\/\/www.furiafilm.sk\/en\/filmy\/dom-uprostred\/\" class=\"headline\">\n<img loading=\"lazy\" decoding=\"async\" width=\"524\" height=\"295\" src=\"https:\/\/www.furiafilm.sk\/wp-content\/uploads\/2021\/09\/AdobeStock_227555758-524x295.jpeg\" class=\"attachment-thumbnail size-thumbnail wp-post-image\" alt=\"\" srcset=\"https:\/\/www.furiafilm.sk\/wp-content\/uploads\/2021\/09\/AdobeStock_227555758-524x295.jpeg 524w, https:\/\/www.furiafilm.sk\/wp-content\/uploads\/2021\/09\/AdobeStock_227555758-1048x590.jpeg 1048w, https:\/\/www.furiafilm.sk\/wp-content\/uploads\/2021\/09\/AdobeStock_227555758-1264x710.jpeg 1264w\" sizes=\"auto, (max-width: 524px) 100vw, 524px\" \/>\n<div class=\"mpart\">\n<span class=\"type\">Film<\/span>\n<span class=\"message\"> term\u00edn realiz\u00e1cie : 2021-2023<\/span>\n<\/div>\n<div class=\"desc_part\">\n<h4>DOM UPROSTRED<\/h4>\n<div class=\"desc_content\">\nPr\u00edbeh rodiny z prostredia ju\u017en\u00e9ho Slovenska in\u0161pirovan\u00fd skuto\u010dn\u00fdmi udalos\u0165ami z obdobia druhej svetovej vojny, ktor\u00fd...<\/div>\n<\/div>\n<\/a>\n<\/div>\n\n<\/div>\n\n<div class='ttl_box'>\n\n<div class=\"ttl_box_top\" >\n\n<a href=\"https:\/\/www.furiafilm.sk\/en\/films\/new-film\/\" class=\"headline\">\n<img loading=\"lazy\" decoding=\"async\" width=\"524\" height=\"295\" src=\"https:\/\/www.furiafilm.sk\/wp-content\/uploads\/2020\/01\/corega2-524x295.jpg\" class=\"attachment-thumbnail size-thumbnail wp-post-image\" alt=\"\" \/>\n<div class=\"mpart\">\n<span class=\"type\">Film<\/span>\n<span class=\"message\">2019<\/span>\n<\/div>\n<div class=\"desc_part\">\n<h4>New film<\/h4>\n<div class=\"desc_content\">\nADASDASDAD<\/div>\n<\/div>\n<\/a>\n<\/div>\n\n<\/div>\n\n<div class='ttl_box'>\n\n<div class=\"ttl_box_top\" >\n\n<a href=\"https:\/\/www.furiafilm.sk\/en\/films\/en-pivnica-the-cellar-test-4\/\" class=\"headline\">\n<img loading=\"lazy\" decoding=\"async\" width=\"524\" height=\"295\" src=\"https:\/\/www.furiafilm.sk\/wp-content\/uploads\/2019\/10\/povnica1-524x295.jpg\" class=\"attachment-thumbnail size-thumbnail wp-post-image\" alt=\"\" \/>\n<div class=\"mpart\">\n<span class=\"type\">Film<\/span>\n<span class=\"message\">2019<\/span>\n<\/div>\n<div class=\"desc_part\">\n<h4>EN Pivnica \/ The Cellar Test 4<\/h4>\n<div class=\"desc_content\">\nPIVNICA je psychologick\u00e1 dr\u00e1ma, v ktorej na pr\u00edbehu rozpadaj\u00faceho sa man\u017eelstva rodin Lab\u00e1tovcov a n\u00e1hlej...<\/div>\n<\/div>\n<\/a>\n<\/div>\n\n<\/div>\n\n<div class='ttl_box'>\n\n<div class=\"ttl_box_top\" >\n\n<a href=\"https:\/\/www.furiafilm.sk\/en\/films\/en-pivnica-the-cellar-test-5\/\" class=\"headline\">\n<img loading=\"lazy\" decoding=\"async\" width=\"524\" height=\"295\" src=\"https:\/\/www.furiafilm.sk\/wp-content\/uploads\/2019\/10\/povnica1-524x295.jpg\" class=\"attachment-thumbnail size-thumbnail wp-post-image\" alt=\"\" \/>\n<div class=\"mpart\">\n<span class=\"type\">Film<\/span>\n<span class=\"message\">2019<\/span>\n<\/div>\n<div class=\"desc_part\">\n<h4>EN Pivnica \/ The Cellar Test 5<\/h4>\n<div class=\"desc_content\">\nPIVNICA je psychologick\u00e1 dr\u00e1ma, v ktorej na pr\u00edbehu rozpadaj\u00faceho sa man\u017eelstva rodin Lab\u00e1tovcov a n\u00e1hlej...<\/div>\n<\/div>\n<\/a>\n<\/div>\n\n<\/div>\n\n<div class='ttl_box'>\n\n<div class=\"ttl_box_top\" >\n\n<a href=\"https:\/\/www.furiafilm.sk\/en\/filmy\/pivnica\/\" class=\"headline\">\n<img loading=\"lazy\" decoding=\"async\" width=\"524\" height=\"295\" src=\"https:\/\/www.furiafilm.sk\/wp-content\/uploads\/2020\/01\/07-Pivnica-Cellar-Jean-Marc-Barr-SMALL-Medium-1-524x295.jpg\" class=\"attachment-thumbnail size-thumbnail wp-post-image\" alt=\"\" srcset=\"https:\/\/www.furiafilm.sk\/wp-content\/uploads\/2020\/01\/07-Pivnica-Cellar-Jean-Marc-Barr-SMALL-Medium-1-524x295.jpg 524w, https:\/\/www.furiafilm.sk\/wp-content\/uploads\/2020\/01\/07-Pivnica-Cellar-Jean-Marc-Barr-SMALL-Medium-1-1048x590.jpg 1048w\" sizes=\"auto, (max-width: 524px) 100vw, 524px\" \/>\n<div class=\"mpart\">\n<span class=\"type\">Film<\/span>\n<span class=\"message\">2017<\/span>\n<\/div>\n<div class=\"desc_part\">\n<h4>Pivnica<\/h4>\n<div class=\"desc_content\">\nPIVNICA\u00a0je psychologick\u00e1 dr\u00e1ma, v\u00a0ktorej na pr\u00edbehu rozpadaj\u00faceho sa man\u017eelstva rodin Lab\u00e1tovcov a\u00a0n\u00e1hlej smrti dc\u00e9ry Lenky,...<\/div>\n<\/div>\n<\/a>\n<\/div>\n\n<\/div>\n\n<\/div>\n    <\/div>\n<\/div>\n<!-- \/module text -->        <\/div>\n                        <\/div>\n        <\/div>\n                        <div  data-css_id=\"59si808\" data-lazy=\"1\" class=\"module_row themify_builder_row home_news fullwidth tb_59si808 tf_w hide-tablet_landscape hide-mobile\">\n                        <div class=\"row_inner col_align_top tb_col_count_2 tf_box tf_rel\">\n                        <div  data-lazy=\"1\" class=\"module_column tb-column col4-2 tb_9qen811 first\">\n                            <\/div>\n                    <div  data-lazy=\"1\" class=\"module_column tb-column col4-2 tb_63j6811 last\">\n                    <!-- module text -->\n<div  class=\"module module-text tb_64nj812 about_us_title  \" data-lazy=\"1\">\n        <div  class=\"tb_text_wrap\">\n        <p><strong><span class=\"tlogo\">FURIA FILM<\/span><\/strong> EN TEXTT je slovensk\u00e1 produk\u010dn\u00e1 spolo\u010dnos\u0165 p\u00f4sobiaca v audiovizu\u00e1lnej oblasti. Nosnou my\u0161lienkou spolo\u010dnosti je vyu\u017eitie kreativity a nov\u00fdch foriem produkcie, \u010di u\u017e vo filmovej tvorbe alebo v audiovizu\u00e1lnych projektoch.<\/p><br \/><p>FURIA FILM sa z\u00fa\u010dast\u0148uje na koproduk\u010dn\u00fdch a umeleck\u00fdch projektoch, pri\u010dom \u0165a\u017eisko \u010dinnosti spo\u010d\u00edva v projektmana\u017emente, po\u010d\u00ednaj\u00fac f\u00e1zou v\u00fdvoja scen\u00e1ra po fin\u00e1lnu f\u00e1zu v\u00fdroby, distrib\u00faciu a predaj filmu.<\/p><br \/><p>Spolo\u010dnos\u0165 je od roku 2010 \u010dlenom Asoci\u00e1cie nez\u00e1visl\u00fdch producentov.<\/p><p><a href=\"http:\/\/www.furiafilm.sk\/o-nas\/\">\u010dita\u0165 viac<\/a><\/p>    <\/div>\n<\/div>\n<!-- \/module text -->        <\/div>\n                        <\/div>\n        <\/div>\n                        <div  data-css_id=\"k4qq808\" data-lazy=\"1\" class=\"module_row themify_builder_row home_news fullwidth tb_k4qq808 tf_w hide-desktop hide-tablet\">\n                        <div class=\"row_inner col_align_top tb_col_count_1 tf_box tf_rel\">\n                        <div  data-lazy=\"1\" class=\"module_column tb-column col-full tb_n3he812 first\">\n                    <!-- module text -->\n<div  class=\"module module-text tb_m6my812 about_us_title  \" data-lazy=\"1\">\n        <div  class=\"tb_text_wrap\">\n        <p><strong><span class=\"tlogo\">FURIA FILM<\/span><\/strong> EN TEXT je slovensk\u00e1 produk\u010dn\u00e1 spolo\u010dnos\u0165 p\u00f4sobiaca v audiovizu\u00e1lnej oblasti. Nosnou my\u0161lienkou spolo\u010dnosti je vyu\u017eitie kreativity a nov\u00fdch foriem produkcie, \u010di u\u017e vo filmovej tvorbe alebo v audiovizu\u00e1lnych projektoch.<\/p><br \/><p>FURIA FILM sa z\u00fa\u010dast\u0148uje na koproduk\u010dn\u00fdch a umeleck\u00fdch projektoch, pri\u010dom \u0165a\u017eisko \u010dinnosti spo\u010d\u00edva v projektmana\u017emente, po\u010d\u00ednaj\u00fac f\u00e1zou v\u00fdvoja scen\u00e1ra po fin\u00e1lnu f\u00e1zu v\u00fdroby, distrib\u00faciu a predaj filmu.<\/p><br \/><p>Spolo\u010dnos\u0165 je od roku 2010 \u010dlenom Asoci\u00e1cie nez\u00e1visl\u00fdch producentov.<\/p><p><a href=\"http:\/\/www.furiafilm.sk\/o-nas\/\">\u010dita\u0165 viac<\/a><\/p>    <\/div>\n<\/div>\n<!-- \/module text -->        <\/div>\n                        <\/div>\n        <\/div>\n        <\/div>\n<!--\/themify_builder_content-->","protected":false},"excerpt":{"rendered":"<p>FURIA FILM EN TEXTT je slovensk\u00e1 produk\u010dn\u00e1 spolo\u010dnos\u0165 p\u00f4sobiaca v audiovizu\u00e1lnej oblasti. Nosnou my\u0161lienkou spolo\u010dnosti je vyu\u017eitie kreativity a nov\u00fdch foriem produkcie, \u010di u\u017e vo filmovej tvorbe alebo v audiovizu\u00e1lnych projektoch. FURIA FILM sa z\u00fa\u010dast\u0148uje na koproduk\u010dn\u00fdch a umeleck\u00fdch projektoch, pri\u010dom \u0165a\u017eisko \u010dinnosti spo\u010d\u00edva v projektmana\u017emente, po\u010d\u00ednaj\u00fac f\u00e1zou v\u00fdvoja scen\u00e1ra po fin\u00e1lnu f\u00e1zu v\u00fdroby, distrib\u00faciu [&hellip;]<\/p>\n","protected":false},"author":1,"featured_media":0,"parent":0,"menu_order":0,"comment_status":"closed","ping_status":"closed","template":"","meta":{"_acf_changed":false,"footnotes":""},"class_list":["post-268","page","type-page","status-publish","hentry"],"acf":[],"yoast_head":"<!-- This site is optimized with the Yoast SEO plugin v26.8 - https:\/\/yoast.com\/product\/yoast-seo-wordpress\/ -->\n<title>Home - Furia Film<\/title>\n<meta name=\"robots\" content=\"index, follow, max-snippet:-1, max-image-preview:large, max-video-preview:-1\" \/>\n<link rel=\"canonical\" href=\"https:\/\/www.furiafilm.sk\/en\/\" \/>\n<meta property=\"og:locale\" content=\"en_US\" \/>\n<meta property=\"og:type\" content=\"article\" \/>\n<meta property=\"og:title\" content=\"Home - Furia Film\" \/>\n<meta property=\"og:description\" content=\"FURIA FILM EN TEXTT je slovensk\u00e1 produk\u010dn\u00e1 spolo\u010dnos\u0165 p\u00f4sobiaca v audiovizu\u00e1lnej oblasti. Nosnou my\u0161lienkou spolo\u010dnosti je vyu\u017eitie kreativity a nov\u00fdch foriem produkcie, \u010di u\u017e vo filmovej tvorbe alebo v audiovizu\u00e1lnych projektoch. FURIA FILM sa z\u00fa\u010dast\u0148uje na koproduk\u010dn\u00fdch a umeleck\u00fdch projektoch, pri\u010dom \u0165a\u017eisko \u010dinnosti spo\u010d\u00edva v projektmana\u017emente, po\u010d\u00ednaj\u00fac f\u00e1zou v\u00fdvoja scen\u00e1ra po fin\u00e1lnu f\u00e1zu v\u00fdroby, distrib\u00faciu [&hellip;]\" \/>\n<meta property=\"og:url\" content=\"https:\/\/www.furiafilm.sk\/en\/\" \/>\n<meta property=\"og:site_name\" content=\"Furia Film\" \/>\n<meta property=\"article:modified_time\" content=\"2025-01-02T21:56:52+00:00\" \/>\n<meta name=\"twitter:card\" content=\"summary_large_image\" \/>\n<meta name=\"twitter:label1\" content=\"Est. reading time\" \/>\n\t<meta name=\"twitter:data1\" content=\"1 minute\" \/>\n<script type=\"application\/ld+json\" class=\"yoast-schema-graph\">{\"@context\":\"https:\/\/schema.org\",\"@graph\":[{\"@type\":\"WebPage\",\"@id\":\"https:\/\/www.furiafilm.sk\/en\/\",\"url\":\"https:\/\/www.furiafilm.sk\/en\/\",\"name\":\"Home - Furia Film\",\"isPartOf\":{\"@id\":\"https:\/\/www.furiafilm.sk\/#website\"},\"datePublished\":\"2019-10-26T14:15:04+00:00\",\"dateModified\":\"2025-01-02T21:56:52+00:00\",\"breadcrumb\":{\"@id\":\"https:\/\/www.furiafilm.sk\/en\/#breadcrumb\"},\"inLanguage\":\"en-US\",\"potentialAction\":[{\"@type\":\"ReadAction\",\"target\":[\"https:\/\/www.furiafilm.sk\/en\/\"]}]},{\"@type\":\"BreadcrumbList\",\"@id\":\"https:\/\/www.furiafilm.sk\/en\/#breadcrumb\",\"itemListElement\":[{\"@type\":\"ListItem\",\"position\":1,\"name\":\"Home\",\"item\":\"https:\/\/www.furiafilm.sk\/en\/\"},{\"@type\":\"ListItem\",\"position\":2,\"name\":\"Home\"}]},{\"@type\":\"WebSite\",\"@id\":\"https:\/\/www.furiafilm.sk\/#website\",\"url\":\"https:\/\/www.furiafilm.sk\/\",\"name\":\"Furia Film\",\"description\":\"FURIA FILM je slovensk\u00e1 produk\u010dn\u00e1 spolo\u010dnos\u0165 p\u00f4sobiaca v audiovizu\u00e1lnej oblasti.\",\"potentialAction\":[{\"@type\":\"SearchAction\",\"target\":{\"@type\":\"EntryPoint\",\"urlTemplate\":\"https:\/\/www.furiafilm.sk\/?s={search_term_string}\"},\"query-input\":{\"@type\":\"PropertyValueSpecification\",\"valueRequired\":true,\"valueName\":\"search_term_string\"}}],\"inLanguage\":\"en-US\"}]}<\/script>\n<!-- \/ Yoast SEO plugin. -->","yoast_head_json":{"title":"Home - Furia Film","robots":{"index":"index","follow":"follow","max-snippet":"max-snippet:-1","max-image-preview":"max-image-preview:large","max-video-preview":"max-video-preview:-1"},"canonical":"https:\/\/www.furiafilm.sk\/en\/","og_locale":"en_US","og_type":"article","og_title":"Home - Furia Film","og_description":"FURIA FILM EN TEXTT je slovensk\u00e1 produk\u010dn\u00e1 spolo\u010dnos\u0165 p\u00f4sobiaca v audiovizu\u00e1lnej oblasti. Nosnou my\u0161lienkou spolo\u010dnosti je vyu\u017eitie kreativity a nov\u00fdch foriem produkcie, \u010di u\u017e vo filmovej tvorbe alebo v audiovizu\u00e1lnych projektoch. FURIA FILM sa z\u00fa\u010dast\u0148uje na koproduk\u010dn\u00fdch a umeleck\u00fdch projektoch, pri\u010dom \u0165a\u017eisko \u010dinnosti spo\u010d\u00edva v projektmana\u017emente, po\u010d\u00ednaj\u00fac f\u00e1zou v\u00fdvoja scen\u00e1ra po fin\u00e1lnu f\u00e1zu v\u00fdroby, distrib\u00faciu [&hellip;]","og_url":"https:\/\/www.furiafilm.sk\/en\/","og_site_name":"Furia Film","article_modified_time":"2025-01-02T21:56:52+00:00","twitter_card":"summary_large_image","twitter_misc":{"Est. reading time":"1 minute"},"schema":{"@context":"https:\/\/schema.org","@graph":[{"@type":"WebPage","@id":"https:\/\/www.furiafilm.sk\/en\/","url":"https:\/\/www.furiafilm.sk\/en\/","name":"Home - Furia Film","isPartOf":{"@id":"https:\/\/www.furiafilm.sk\/#website"},"datePublished":"2019-10-26T14:15:04+00:00","dateModified":"2025-01-02T21:56:52+00:00","breadcrumb":{"@id":"https:\/\/www.furiafilm.sk\/en\/#breadcrumb"},"inLanguage":"en-US","potentialAction":[{"@type":"ReadAction","target":["https:\/\/www.furiafilm.sk\/en\/"]}]},{"@type":"BreadcrumbList","@id":"https:\/\/www.furiafilm.sk\/en\/#breadcrumb","itemListElement":[{"@type":"ListItem","position":1,"name":"Home","item":"https:\/\/www.furiafilm.sk\/en\/"},{"@type":"ListItem","position":2,"name":"Home"}]},{"@type":"WebSite","@id":"https:\/\/www.furiafilm.sk\/#website","url":"https:\/\/www.furiafilm.sk\/","name":"Furia Film","description":"FURIA FILM je slovensk\u00e1 produk\u010dn\u00e1 spolo\u010dnos\u0165 p\u00f4sobiaca v audiovizu\u00e1lnej oblasti.","potentialAction":[{"@type":"SearchAction","target":{"@type":"EntryPoint","urlTemplate":"https:\/\/www.furiafilm.sk\/?s={search_term_string}"},"query-input":{"@type":"PropertyValueSpecification","valueRequired":true,"valueName":"search_term_string"}}],"inLanguage":"en-US"}]}},"_links":{"self":[{"href":"https:\/\/www.furiafilm.sk\/en\/wp-json\/wp\/v2\/pages\/268","targetHints":{"allow":["GET"]}}],"collection":[{"href":"https:\/\/www.furiafilm.sk\/en\/wp-json\/wp\/v2\/pages"}],"about":[{"href":"https:\/\/www.furiafilm.sk\/en\/wp-json\/wp\/v2\/types\/page"}],"author":[{"embeddable":true,"href":"https:\/\/www.furiafilm.sk\/en\/wp-json\/wp\/v2\/users\/1"}],"replies":[{"embeddable":true,"href":"https:\/\/www.furiafilm.sk\/en\/wp-json\/wp\/v2\/comments?post=268"}],"version-history":[{"count":27,"href":"https:\/\/www.furiafilm.sk\/en\/wp-json\/wp\/v2\/pages\/268\/revisions"}],"predecessor-version":[{"id":1054,"href":"https:\/\/www.furiafilm.sk\/en\/wp-json\/wp\/v2\/pages\/268\/revisions\/1054"}],"wp:attachment":[{"href":"https:\/\/www.furiafilm.sk\/en\/wp-json\/wp\/v2\/media?parent=268"}],"curies":[{"name":"wp","href":"https:\/\/api.w.org\/{rel}","templated":true}]}}